{"id":12,"date":"2020-06-22T10:49:59","date_gmt":"2020-06-22T08:49:59","guid":{"rendered":"https:\/\/www.gh-ortner.com\/?page_id=12"},"modified":"2020-06-22T10:49:59","modified_gmt":"2020-06-22T08:49:59","slug":"ein-startseiten-abschnitt","status":"publish","type":"page","link":"https:\/\/www.gh-ortner.com\/index.php\/ein-startseiten-abschnitt\/","title":{"rendered":"Feiern und Veranstaltungen &#8211; Seminare"},"content":{"rendered":"\n<p><strong>Gerne vermieten wir unser gesamtes Lokal oder nur Teile f\u00fcr Ihre Veranstaltung<\/strong><\/p>\n\n\n\n<p>Geburtstag, Taufe, Hochzeit, Jubil\u00e4um,<br>Firmenveranstaltung, Vortrag, Seminar, <br>Vereinsversammlung \u2013 unser Saal bietet den passenden Rahmen. <\/p>\n\n\n\n<p>Der Saal bietet Platz f\u00fcr 150 Personen und kann geteilt werden. <br><br> F\u00fcr Ihre ganz pers\u00f6nlichen Pr\u00e4sentationen sind Leinwand, Beamer, Flipchart, Musikanlage und Funkmikrofon vorhanden.<\/p>\n\n\n\n<p><\/p>\n\n\n\n<figure class=\"wp-block-gallery has-nested-images columns-default is-cropped wp-block-gallery-1 is-layout-flex wp-block-gallery-is-layout-flex\">\n<figure class=\"wp-block-image size-large\"><img decoding=\"async\" data-id=\"71\" src=\"https:\/\/confident-austin.217-154-228-172.plesk.page\/wp-content\/uploads\/2022\/11\/IMG_0613-1024x765.jpg\" alt=\"\" class=\"wp-image-71\"\/><\/figure>\n<\/figure>\n\n\n\n<figure class=\"wp-block-image size-large\"><img loading=\"lazy\" decoding=\"async\" width=\"1024\" height=\"768\" src=\"https:\/\/confident-austin.217-154-228-172.plesk.page\/wp-content\/uploads\/2024\/01\/IMG_8771-1024x768.jpeg\" alt=\"\" class=\"wp-image-258\" srcset=\"https:\/\/www.gh-ortner.com\/wp-content\/uploads\/2024\/01\/IMG_8771-1024x768.jpeg 1024w, https:\/\/www.gh-ortner.com\/wp-content\/uploads\/2024\/01\/IMG_8771-300x225.jpeg 300w, https:\/\/www.gh-ortner.com\/wp-content\/uploads\/2024\/01\/IMG_8771-768x576.jpeg 768w, https:\/\/www.gh-ortner.com\/wp-content\/uploads\/2024\/01\/IMG_8771-1536x1152.jpeg 1536w, https:\/\/www.gh-ortner.com\/wp-content\/uploads\/2024\/01\/IMG_8771.jpeg 2048w\" sizes=\"auto, (max-width: 706px) 89vw, (max-width: 767px) 82vw, 740px\" \/><\/figure>\n\n\n\n<figure class=\"wp-block-image size-large\"><img loading=\"lazy\" decoding=\"async\" width=\"1024\" height=\"768\" src=\"https:\/\/confident-austin.217-154-228-172.plesk.page\/wp-content\/uploads\/2024\/01\/IMG_8848-1024x768.jpeg\" alt=\"\" class=\"wp-image-260\" srcset=\"https:\/\/www.gh-ortner.com\/wp-content\/uploads\/2024\/01\/IMG_8848-1024x768.jpeg 1024w, https:\/\/www.gh-ortner.com\/wp-content\/uploads\/2024\/01\/IMG_8848-300x225.jpeg 300w, https:\/\/www.gh-ortner.com\/wp-content\/uploads\/2024\/01\/IMG_8848-768x576.jpeg 768w, https:\/\/www.gh-ortner.com\/wp-content\/uploads\/2024\/01\/IMG_8848-1536x1152.jpeg 1536w, https:\/\/www.gh-ortner.com\/wp-content\/uploads\/2024\/01\/IMG_8848.jpeg 2048w\" sizes=\"auto, (max-width: 706px) 89vw, (max-width: 767px) 82vw, 740px\" \/><\/figure>\n\n\n\n<figure class=\"wp-block-image size-large\"><img loading=\"lazy\" decoding=\"async\" width=\"768\" height=\"1024\" src=\"https:\/\/confident-austin.217-154-228-172.plesk.page\/wp-content\/uploads\/2024\/01\/IMG_8850-768x1024.jpeg\" alt=\"\" class=\"wp-image-263\" srcset=\"https:\/\/www.gh-ortner.com\/wp-content\/uploads\/2024\/01\/IMG_8850-768x1024.jpeg 768w, https:\/\/www.gh-ortner.com\/wp-content\/uploads\/2024\/01\/IMG_8850-225x300.jpeg 225w, https:\/\/www.gh-ortner.com\/wp-content\/uploads\/2024\/01\/IMG_8850-1152x1536.jpeg 1152w, https:\/\/www.gh-ortner.com\/wp-content\/uploads\/2024\/01\/IMG_8850.jpeg 1536w\" sizes=\"auto, (max-width: 706px) 89vw, (max-width: 767px) 82vw, 740px\" \/><\/figure>\n","protected":false},"excerpt":{"rendered":"<p>Gerne vermieten wir unser gesamtes Lokal oder nur Teile f\u00fcr Ihre Veranstaltung Geburtstag, Taufe, Hochzeit, Jubil\u00e4um,Firmenveranstaltung, Vortrag, Seminar, Vereinsversammlung \u2013 unser Saal bietet den passenden Rahmen. Der Saal bietet Platz f\u00fcr 150 Personen und kann geteilt werden. F\u00fcr Ihre ganz pers\u00f6nlichen Pr\u00e4sentationen sind Leinwand, Beamer, Flipchart, Musikanlage und Funkmikrofon vorhanden.<\/p>\n","protected":false},"author":1,"featured_media":0,"parent":0,"menu_order":0,"comment_status":"closed","ping_status":"closed","template":"","meta":{"footnotes":""},"class_list":["post-12","page","type-page","status-publish","hentry"],"yoast_head":"<!-- This site is optimized with the Yoast SEO plugin v27.4 - https:\/\/yoast.com\/product\/yoast-seo-wordpress\/ -->\n<title>Feiern und Veranstaltungen - Seminare - Gasthaus Ortner<\/title>\n<meta name=\"robots\" content=\"index, follow, max-snippet:-1, max-image-preview:large, max-video-preview:-1\" \/>\n<link rel=\"canonical\" href=\"https:\/\/www.gh-ortner.com\/index.php\/ein-startseiten-abschnitt\/\" \/>\n<meta property=\"og:locale\" content=\"de_DE\" \/>\n<meta property=\"og:type\" content=\"article\" \/>\n<meta property=\"og:title\" content=\"Feiern und Veranstaltungen - Seminare - Gasthaus Ortner\" \/>\n<meta property=\"og:description\" content=\"Gerne vermieten wir unser gesamtes Lokal oder nur Teile f\u00fcr Ihre Veranstaltung Geburtstag, Taufe, Hochzeit, Jubil\u00e4um,Firmenveranstaltung, Vortrag, Seminar, Vereinsversammlung \u2013 unser Saal bietet den passenden Rahmen. Der Saal bietet Platz f\u00fcr 150 Personen und kann geteilt werden. F\u00fcr Ihre ganz pers\u00f6nlichen Pr\u00e4sentationen sind Leinwand, Beamer, Flipchart, Musikanlage und Funkmikrofon vorhanden.\" \/>\n<meta property=\"og:url\" content=\"https:\/\/www.gh-ortner.com\/index.php\/ein-startseiten-abschnitt\/\" \/>\n<meta property=\"og:site_name\" content=\"Gasthaus Ortner\" \/>\n<meta property=\"og:image\" content=\"https:\/\/confident-austin.217-154-228-172.plesk.page\/wp-content\/uploads\/2022\/11\/IMG_0613-1024x765.jpg\" \/>\n<meta name=\"twitter:card\" content=\"summary_large_image\" \/>\n<script type=\"application\/ld+json\" class=\"yoast-schema-graph\">{\"@context\":\"https:\\\/\\\/schema.org\",\"@graph\":[{\"@type\":\"WebPage\",\"@id\":\"https:\\\/\\\/www.gh-ortner.com\\\/index.php\\\/ein-startseiten-abschnitt\\\/\",\"url\":\"https:\\\/\\\/www.gh-ortner.com\\\/index.php\\\/ein-startseiten-abschnitt\\\/\",\"name\":\"Feiern und Veranstaltungen - Seminare - Gasthaus Ortner\",\"isPartOf\":{\"@id\":\"https:\\\/\\\/www.gh-ortner.com\\\/#website\"},\"primaryImageOfPage\":{\"@id\":\"https:\\\/\\\/www.gh-ortner.com\\\/index.php\\\/ein-startseiten-abschnitt\\\/#primaryimage\"},\"image\":{\"@id\":\"https:\\\/\\\/www.gh-ortner.com\\\/index.php\\\/ein-startseiten-abschnitt\\\/#primaryimage\"},\"thumbnailUrl\":\"https:\\\/\\\/confident-austin.217-154-228-172.plesk.page\\\/wp-content\\\/uploads\\\/2022\\\/11\\\/IMG_0613-1024x765.jpg\",\"datePublished\":\"2020-06-22T08:49:59+00:00\",\"breadcrumb\":{\"@id\":\"https:\\\/\\\/www.gh-ortner.com\\\/index.php\\\/ein-startseiten-abschnitt\\\/#breadcrumb\"},\"inLanguage\":\"de-AT\",\"potentialAction\":[{\"@type\":\"ReadAction\",\"target\":[\"https:\\\/\\\/www.gh-ortner.com\\\/index.php\\\/ein-startseiten-abschnitt\\\/\"]}]},{\"@type\":\"ImageObject\",\"inLanguage\":\"de-AT\",\"@id\":\"https:\\\/\\\/www.gh-ortner.com\\\/index.php\\\/ein-startseiten-abschnitt\\\/#primaryimage\",\"url\":\"https:\\\/\\\/confident-austin.217-154-228-172.plesk.page\\\/wp-content\\\/uploads\\\/2022\\\/11\\\/IMG_0613-1024x765.jpg\",\"contentUrl\":\"https:\\\/\\\/confident-austin.217-154-228-172.plesk.page\\\/wp-content\\\/uploads\\\/2022\\\/11\\\/IMG_0613-1024x765.jpg\"},{\"@type\":\"BreadcrumbList\",\"@id\":\"https:\\\/\\\/www.gh-ortner.com\\\/index.php\\\/ein-startseiten-abschnitt\\\/#breadcrumb\",\"itemListElement\":[{\"@type\":\"ListItem\",\"position\":1,\"name\":\"Startseite\",\"item\":\"https:\\\/\\\/www.gh-ortner.com\\\/\"},{\"@type\":\"ListItem\",\"position\":2,\"name\":\"Feiern und Veranstaltungen &#8211; Seminare\"}]},{\"@type\":\"WebSite\",\"@id\":\"https:\\\/\\\/www.gh-ortner.com\\\/#website\",\"url\":\"https:\\\/\\\/www.gh-ortner.com\\\/\",\"name\":\"Gasthaus Ortner\",\"description\":\"Feste feiern!\",\"potentialAction\":[{\"@type\":\"SearchAction\",\"target\":{\"@type\":\"EntryPoint\",\"urlTemplate\":\"https:\\\/\\\/www.gh-ortner.com\\\/?s={search_term_string}\"},\"query-input\":{\"@type\":\"PropertyValueSpecification\",\"valueRequired\":true,\"valueName\":\"search_term_string\"}}],\"inLanguage\":\"de-AT\"}]}<\/script>\n<!-- \/ Yoast SEO plugin. -->","yoast_head_json":{"title":"Feiern und Veranstaltungen - Seminare - Gasthaus Ortner","robots":{"index":"index","follow":"follow","max-snippet":"max-snippet:-1","max-image-preview":"max-image-preview:large","max-video-preview":"max-video-preview:-1"},"canonical":"https:\/\/www.gh-ortner.com\/index.php\/ein-startseiten-abschnitt\/","og_locale":"de_DE","og_type":"article","og_title":"Feiern und Veranstaltungen - Seminare - Gasthaus Ortner","og_description":"Gerne vermieten wir unser gesamtes Lokal oder nur Teile f\u00fcr Ihre Veranstaltung Geburtstag, Taufe, Hochzeit, Jubil\u00e4um,Firmenveranstaltung, Vortrag, Seminar, Vereinsversammlung \u2013 unser Saal bietet den passenden Rahmen. Der Saal bietet Platz f\u00fcr 150 Personen und kann geteilt werden. F\u00fcr Ihre ganz pers\u00f6nlichen Pr\u00e4sentationen sind Leinwand, Beamer, Flipchart, Musikanlage und Funkmikrofon vorhanden.","og_url":"https:\/\/www.gh-ortner.com\/index.php\/ein-startseiten-abschnitt\/","og_site_name":"Gasthaus Ortner","og_image":[{"url":"https:\/\/confident-austin.217-154-228-172.plesk.page\/wp-content\/uploads\/2022\/11\/IMG_0613-1024x765.jpg","type":"","width":"","height":""}],"twitter_card":"summary_large_image","schema":{"@context":"https:\/\/schema.org","@graph":[{"@type":"WebPage","@id":"https:\/\/www.gh-ortner.com\/index.php\/ein-startseiten-abschnitt\/","url":"https:\/\/www.gh-ortner.com\/index.php\/ein-startseiten-abschnitt\/","name":"Feiern und Veranstaltungen - Seminare - Gasthaus Ortner","isPartOf":{"@id":"https:\/\/www.gh-ortner.com\/#website"},"primaryImageOfPage":{"@id":"https:\/\/www.gh-ortner.com\/index.php\/ein-startseiten-abschnitt\/#primaryimage"},"image":{"@id":"https:\/\/www.gh-ortner.com\/index.php\/ein-startseiten-abschnitt\/#primaryimage"},"thumbnailUrl":"https:\/\/confident-austin.217-154-228-172.plesk.page\/wp-content\/uploads\/2022\/11\/IMG_0613-1024x765.jpg","datePublished":"2020-06-22T08:49:59+00:00","breadcrumb":{"@id":"https:\/\/www.gh-ortner.com\/index.php\/ein-startseiten-abschnitt\/#breadcrumb"},"inLanguage":"de-AT","potentialAction":[{"@type":"ReadAction","target":["https:\/\/www.gh-ortner.com\/index.php\/ein-startseiten-abschnitt\/"]}]},{"@type":"ImageObject","inLanguage":"de-AT","@id":"https:\/\/www.gh-ortner.com\/index.php\/ein-startseiten-abschnitt\/#primaryimage","url":"https:\/\/confident-austin.217-154-228-172.plesk.page\/wp-content\/uploads\/2022\/11\/IMG_0613-1024x765.jpg","contentUrl":"https:\/\/confident-austin.217-154-228-172.plesk.page\/wp-content\/uploads\/2022\/11\/IMG_0613-1024x765.jpg"},{"@type":"BreadcrumbList","@id":"https:\/\/www.gh-ortner.com\/index.php\/ein-startseiten-abschnitt\/#breadcrumb","itemListElement":[{"@type":"ListItem","position":1,"name":"Startseite","item":"https:\/\/www.gh-ortner.com\/"},{"@type":"ListItem","position":2,"name":"Feiern und Veranstaltungen &#8211; Seminare"}]},{"@type":"WebSite","@id":"https:\/\/www.gh-ortner.com\/#website","url":"https:\/\/www.gh-ortner.com\/","name":"Gasthaus Ortner","description":"Feste feiern!","potentialAction":[{"@type":"SearchAction","target":{"@type":"EntryPoint","urlTemplate":"https:\/\/www.gh-ortner.com\/?s={search_term_string}"},"query-input":{"@type":"PropertyValueSpecification","valueRequired":true,"valueName":"search_term_string"}}],"inLanguage":"de-AT"}]}},"_links":{"self":[{"href":"https:\/\/www.gh-ortner.com\/index.php\/wp-json\/wp\/v2\/pages\/12","targetHints":{"allow":["GET"]}}],"collection":[{"href":"https:\/\/www.gh-ortner.com\/index.php\/wp-json\/wp\/v2\/pages"}],"about":[{"href":"https:\/\/www.gh-ortner.com\/index.php\/wp-json\/wp\/v2\/types\/page"}],"author":[{"embeddable":true,"href":"https:\/\/www.gh-ortner.com\/index.php\/wp-json\/wp\/v2\/users\/1"}],"replies":[{"embeddable":true,"href":"https:\/\/www.gh-ortner.com\/index.php\/wp-json\/wp\/v2\/comments?post=12"}],"version-history":[{"count":0,"href":"https:\/\/www.gh-ortner.com\/index.php\/wp-json\/wp\/v2\/pages\/12\/revisions"}],"wp:attachment":[{"href":"https:\/\/www.gh-ortner.com\/index.php\/wp-json\/wp\/v2\/media?parent=12"}],"curies":[{"name":"wp","href":"https:\/\/api.w.org\/{rel}","templated":true}]}}