{"id":296,"date":"2020-06-22T10:49:59","date_gmt":"2020-06-22T08:49:59","guid":{"rendered":"https:\/\/www.gh-ortner.com\/?page_id=9"},"modified":"2020-06-22T10:49:59","modified_gmt":"2020-06-22T08:49:59","slug":"ueber-uns","status":"publish","type":"page","link":"https:\/\/www.gh-ortner.com\/index.php\/ueber-uns\/","title":{"rendered":"Catering"},"content":{"rendered":"\n<p><strong>Catering <\/strong>&#8211; die bequemste Art ein Fest zu feiern. <\/p>\n\n\n\n<p>Wir kommen zu Ihnen und kochen vor Ort. Der Ablauf erfolgt in Absprache.<\/p>\n\n\n\n<p>Die Arbeitszeit, die Leihgeb\u00fchren f\u00fcr das Equipment, die Reinigungsgeb\u00fchr sowie das Kilometergeld sind Posten,  die zus\u00e4tzlich in Rechnung gestellt werden.<\/p>\n\n\n\n<figure class=\"wp-block-gallery has-nested-images columns-default is-cropped wp-block-gallery-1 is-layout-flex wp-block-gallery-is-layout-flex\">\n<figure class=\"wp-block-image size-large\"><img decoding=\"async\" data-id=\"75\" src=\"https:\/\/confident-austin.217-154-228-172.plesk.page\/wp-content\/uploads\/2022\/11\/IMG_2873-1024x768.jpg\" alt=\"\" class=\"wp-image-75\"\/><figcaption class=\"wp-element-caption\">Catering<\/figcaption><\/figure>\n\n\n\n<figure class=\"wp-block-image size-large\"><img decoding=\"async\" data-id=\"73\" src=\"https:\/\/confident-austin.217-154-228-172.plesk.page\/wp-content\/uploads\/2022\/11\/IMG_2641-1024x768.jpg\" alt=\"\" class=\"wp-image-73\"\/><\/figure>\n\n\n\n<figure class=\"wp-block-image size-large\"><img decoding=\"async\" data-id=\"76\" src=\"https:\/\/confident-austin.217-154-228-172.plesk.page\/wp-content\/uploads\/2022\/11\/IMG_3451-1024x768.jpg\" alt=\"\" class=\"wp-image-76\"\/><figcaption class=\"wp-element-caption\">Appetithappen<\/figcaption><\/figure>\n\n\n\n<figure class=\"wp-block-image size-large\"><img decoding=\"async\" data-id=\"78\" src=\"https:\/\/confident-austin.217-154-228-172.plesk.page\/wp-content\/uploads\/2022\/11\/IMG_6345-1024x768.jpg\" alt=\"\" class=\"wp-image-78\"\/><figcaption class=\"wp-element-caption\">Geburtstagsfeier 170 Personen<\/figcaption><\/figure>\n\n\n\n<figure class=\"wp-block-image size-large\"><img decoding=\"async\" data-id=\"79\" src=\"https:\/\/confident-austin.217-154-228-172.plesk.page\/wp-content\/uploads\/2022\/11\/IMG_6352-768x1024.jpg\" alt=\"\" class=\"wp-image-79\"\/><figcaption class=\"wp-element-caption\">Beiried im Ganzen<\/figcaption><\/figure>\n\n\n\n<figure class=\"wp-block-image size-large\"><img decoding=\"async\" data-id=\"80\" src=\"https:\/\/confident-austin.217-154-228-172.plesk.page\/wp-content\/uploads\/2022\/11\/IMG_E3657-801x1024.jpg\" alt=\"\" class=\"wp-image-80\"\/><figcaption class=\"wp-element-caption\">Saltimbocca vom Huhn<\/figcaption><\/figure>\n\n\n\n<figure class=\"wp-block-image size-large is-style-default\"><img decoding=\"async\" data-id=\"82\" src=\"https:\/\/confident-austin.217-154-228-172.plesk.page\/wp-content\/uploads\/2022\/11\/IMG_E5569-1024x756.jpg\" alt=\"\" class=\"wp-image-82\"\/><\/figure>\n<\/figure>\n","protected":false},"excerpt":{"rendered":"<p>Catering &#8211; die bequemste Art ein Fest zu feiern. Wir kommen zu Ihnen und kochen vor Ort. Der Ablauf erfolgt in Absprache. Die Arbeitszeit, die Leihgeb\u00fchren f\u00fcr das Equipment, die Reinigungsgeb\u00fchr sowie das Kilometergeld sind Posten, die zus\u00e4tzlich in Rechnung gestellt werden.<\/p>\n","protected":false},"author":1,"featured_media":73,"parent":0,"menu_order":0,"comment_status":"closed","ping_status":"closed","template":"","meta":{"footnotes":""},"class_list":["post-296","page","type-page","status-publish","has-post-thumbnail","hentry"],"yoast_head":"<!-- This site is optimized with the Yoast SEO plugin v26.8 - https:\/\/yoast.com\/product\/yoast-seo-wordpress\/ -->\n<title>Catering - Gasthaus Ortner<\/title>\n<meta name=\"robots\" content=\"index, follow, max-snippet:-1, max-image-preview:large, max-video-preview:-1\" \/>\n<link rel=\"canonical\" href=\"https:\/\/www.gh-ortner.com\/index.php\/ueber-uns\/\" \/>\n<meta property=\"og:locale\" content=\"de_DE\" \/>\n<meta property=\"og:type\" content=\"article\" \/>\n<meta property=\"og:title\" content=\"Catering - Gasthaus Ortner\" \/>\n<meta property=\"og:description\" content=\"Catering &#8211; die bequemste Art ein Fest zu feiern. Wir kommen zu Ihnen und kochen vor Ort. Der Ablauf erfolgt in Absprache. Die Arbeitszeit, die Leihgeb\u00fchren f\u00fcr das Equipment, die Reinigungsgeb\u00fchr sowie das Kilometergeld sind Posten, die zus\u00e4tzlich in Rechnung gestellt werden.\" \/>\n<meta property=\"og:url\" content=\"https:\/\/www.gh-ortner.com\/index.php\/ueber-uns\/\" \/>\n<meta property=\"og:site_name\" content=\"Gasthaus Ortner\" \/>\n<meta property=\"og:image\" content=\"https:\/\/www.gh-ortner.com\/wp-content\/uploads\/2022\/11\/IMG_2641-scaled-1.jpg\" \/>\n\t<meta property=\"og:image:width\" content=\"2560\" \/>\n\t<meta property=\"og:image:height\" content=\"1920\" \/>\n\t<meta property=\"og:image:type\" content=\"image\/jpeg\" \/>\n<meta name=\"twitter:card\" content=\"summary_large_image\" \/>\n<script type=\"application\/ld+json\" class=\"yoast-schema-graph\">{\"@context\":\"https:\/\/schema.org\",\"@graph\":[{\"@type\":\"WebPage\",\"@id\":\"https:\/\/www.gh-ortner.com\/index.php\/ueber-uns\/\",\"url\":\"https:\/\/www.gh-ortner.com\/index.php\/ueber-uns\/\",\"name\":\"Catering - Gasthaus Ortner\",\"isPartOf\":{\"@id\":\"https:\/\/www.gh-ortner.com\/#website\"},\"primaryImageOfPage\":{\"@id\":\"https:\/\/www.gh-ortner.com\/index.php\/ueber-uns\/#primaryimage\"},\"image\":{\"@id\":\"https:\/\/www.gh-ortner.com\/index.php\/ueber-uns\/#primaryimage\"},\"thumbnailUrl\":\"https:\/\/www.gh-ortner.com\/wp-content\/uploads\/2022\/11\/IMG_2641-scaled-1.jpg\",\"datePublished\":\"2020-06-22T08:49:59+00:00\",\"breadcrumb\":{\"@id\":\"https:\/\/www.gh-ortner.com\/index.php\/ueber-uns\/#breadcrumb\"},\"inLanguage\":\"de-AT\",\"potentialAction\":[{\"@type\":\"ReadAction\",\"target\":[\"https:\/\/www.gh-ortner.com\/index.php\/ueber-uns\/\"]}]},{\"@type\":\"ImageObject\",\"inLanguage\":\"de-AT\",\"@id\":\"https:\/\/www.gh-ortner.com\/index.php\/ueber-uns\/#primaryimage\",\"url\":\"https:\/\/www.gh-ortner.com\/wp-content\/uploads\/2022\/11\/IMG_2641-scaled-1.jpg\",\"contentUrl\":\"https:\/\/www.gh-ortner.com\/wp-content\/uploads\/2022\/11\/IMG_2641-scaled-1.jpg\",\"width\":2560,\"height\":1920},{\"@type\":\"BreadcrumbList\",\"@id\":\"https:\/\/www.gh-ortner.com\/index.php\/ueber-uns\/#breadcrumb\",\"itemListElement\":[{\"@type\":\"ListItem\",\"position\":1,\"name\":\"Startseite\",\"item\":\"https:\/\/www.gh-ortner.com\/\"},{\"@type\":\"ListItem\",\"position\":2,\"name\":\"Catering\"}]},{\"@type\":\"WebSite\",\"@id\":\"https:\/\/www.gh-ortner.com\/#website\",\"url\":\"https:\/\/www.gh-ortner.com\/\",\"name\":\"Gasthaus Ortner\",\"description\":\"Feste feiern!\",\"potentialAction\":[{\"@type\":\"SearchAction\",\"target\":{\"@type\":\"EntryPoint\",\"urlTemplate\":\"https:\/\/www.gh-ortner.com\/?s={search_term_string}\"},\"query-input\":{\"@type\":\"PropertyValueSpecification\",\"valueRequired\":true,\"valueName\":\"search_term_string\"}}],\"inLanguage\":\"de-AT\"}]}<\/script>\n<!-- \/ Yoast SEO plugin. -->","yoast_head_json":{"title":"Catering - Gasthaus Ortner","robots":{"index":"index","follow":"follow","max-snippet":"max-snippet:-1","max-image-preview":"max-image-preview:large","max-video-preview":"max-video-preview:-1"},"canonical":"https:\/\/www.gh-ortner.com\/index.php\/ueber-uns\/","og_locale":"de_DE","og_type":"article","og_title":"Catering - Gasthaus Ortner","og_description":"Catering &#8211; die bequemste Art ein Fest zu feiern. Wir kommen zu Ihnen und kochen vor Ort. Der Ablauf erfolgt in Absprache. Die Arbeitszeit, die Leihgeb\u00fchren f\u00fcr das Equipment, die Reinigungsgeb\u00fchr sowie das Kilometergeld sind Posten, die zus\u00e4tzlich in Rechnung gestellt werden.","og_url":"https:\/\/www.gh-ortner.com\/index.php\/ueber-uns\/","og_site_name":"Gasthaus Ortner","og_image":[{"width":2560,"height":1920,"url":"https:\/\/www.gh-ortner.com\/wp-content\/uploads\/2022\/11\/IMG_2641-scaled-1.jpg","type":"image\/jpeg"}],"twitter_card":"summary_large_image","schema":{"@context":"https:\/\/schema.org","@graph":[{"@type":"WebPage","@id":"https:\/\/www.gh-ortner.com\/index.php\/ueber-uns\/","url":"https:\/\/www.gh-ortner.com\/index.php\/ueber-uns\/","name":"Catering - Gasthaus Ortner","isPartOf":{"@id":"https:\/\/www.gh-ortner.com\/#website"},"primaryImageOfPage":{"@id":"https:\/\/www.gh-ortner.com\/index.php\/ueber-uns\/#primaryimage"},"image":{"@id":"https:\/\/www.gh-ortner.com\/index.php\/ueber-uns\/#primaryimage"},"thumbnailUrl":"https:\/\/www.gh-ortner.com\/wp-content\/uploads\/2022\/11\/IMG_2641-scaled-1.jpg","datePublished":"2020-06-22T08:49:59+00:00","breadcrumb":{"@id":"https:\/\/www.gh-ortner.com\/index.php\/ueber-uns\/#breadcrumb"},"inLanguage":"de-AT","potentialAction":[{"@type":"ReadAction","target":["https:\/\/www.gh-ortner.com\/index.php\/ueber-uns\/"]}]},{"@type":"ImageObject","inLanguage":"de-AT","@id":"https:\/\/www.gh-ortner.com\/index.php\/ueber-uns\/#primaryimage","url":"https:\/\/www.gh-ortner.com\/wp-content\/uploads\/2022\/11\/IMG_2641-scaled-1.jpg","contentUrl":"https:\/\/www.gh-ortner.com\/wp-content\/uploads\/2022\/11\/IMG_2641-scaled-1.jpg","width":2560,"height":1920},{"@type":"BreadcrumbList","@id":"https:\/\/www.gh-ortner.com\/index.php\/ueber-uns\/#breadcrumb","itemListElement":[{"@type":"ListItem","position":1,"name":"Startseite","item":"https:\/\/www.gh-ortner.com\/"},{"@type":"ListItem","position":2,"name":"Catering"}]},{"@type":"WebSite","@id":"https:\/\/www.gh-ortner.com\/#website","url":"https:\/\/www.gh-ortner.com\/","name":"Gasthaus Ortner","description":"Feste feiern!","potentialAction":[{"@type":"SearchAction","target":{"@type":"EntryPoint","urlTemplate":"https:\/\/www.gh-ortner.com\/?s={search_term_string}"},"query-input":{"@type":"PropertyValueSpecification","valueRequired":true,"valueName":"search_term_string"}}],"inLanguage":"de-AT"}]}},"_links":{"self":[{"href":"https:\/\/www.gh-ortner.com\/index.php\/wp-json\/wp\/v2\/pages\/296","targetHints":{"allow":["GET"]}}],"collection":[{"href":"https:\/\/www.gh-ortner.com\/index.php\/wp-json\/wp\/v2\/pages"}],"about":[{"href":"https:\/\/www.gh-ortner.com\/index.php\/wp-json\/wp\/v2\/types\/page"}],"author":[{"embeddable":true,"href":"https:\/\/www.gh-ortner.com\/index.php\/wp-json\/wp\/v2\/users\/1"}],"replies":[{"embeddable":true,"href":"https:\/\/www.gh-ortner.com\/index.php\/wp-json\/wp\/v2\/comments?post=296"}],"version-history":[{"count":0,"href":"https:\/\/www.gh-ortner.com\/index.php\/wp-json\/wp\/v2\/pages\/296\/revisions"}],"wp:featuredmedia":[{"embeddable":true,"href":"https:\/\/www.gh-ortner.com\/index.php\/wp-json\/wp\/v2\/media\/73"}],"wp:attachment":[{"href":"https:\/\/www.gh-ortner.com\/index.php\/wp-json\/wp\/v2\/media?parent=296"}],"curies":[{"name":"wp","href":"https:\/\/api.w.org\/{rel}","templated":true}]}}