{"id":297,"date":"2020-06-22T10:49:59","date_gmt":"2020-06-22T08:49:59","guid":{"rendered":"https:\/\/www.gh-ortner.com\/?page_id=10"},"modified":"2026-01-30T10:53:03","modified_gmt":"2026-01-30T10:53:03","slug":"kontakt","status":"publish","type":"page","link":"https:\/\/www.gh-ortner.com\/index.php\/kontakt\/","title":{"rendered":"Kontakt &#8211; Impressum"},"content":{"rendered":"\n<p><strong>Kontakt<\/strong><\/p>\n\n\n\n<p>Gasthaus Ortner<br>Andreas Ortner<br>Badendorf 1<br>8413 Ragnitz<br><br>0660 7 66 9 333<\/p>\n\n\n\n<p><a href=\"https:\/\/firmen.wko.at\/andreas-josef-ortner-gasthaus-ortner\/steiermark\/?firmaid=6854a43a-4bd2-4685-8c3c-67d48aa8434b\" target=\"_blank\" rel=\"noreferrer noopener\">Firmen ABC &#8211; WKO.at<\/a><\/p>\n\n\n\n<h4 class=\"wp-block-heading\">Impressum<\/h4>\n\n\n\n<p><strong>Informationen und Offenlegung gem\u00e4\u00df \u00a75 (1) ECG, \u00a7 25 MedienG, \u00a7 63 GewO und \u00a7 14 UGB<\/strong><\/p>\n\n\n\n<p><strong>Webseitenbetreiber:<\/strong>&nbsp;Andreas Ortner<\/p>\n\n\n\n<p><strong>Anschrift:<\/strong>&nbsp;Badendorf 1, 8413 Ragnitz<\/p>\n\n\n\n<p><strong>UID-Nr:<\/strong>&nbsp;ATU51588508<br><strong>Gewerbeaufsichtbeh\u00f6rde:<\/strong>&nbsp;BH Leibnitz<br><strong>Mitgliedschaften:<\/strong>WKO Steiermark<\/p>\n\n\n\n<p><strong>Kontaktdaten:<\/strong><br>Telefon: +43 660 7669333<br>Email: office (at) gh-ortner.com<br><\/p>\n\n\n\n<p><strong>Anwendbare Rechtsvorschrift:<\/strong>&nbsp;www.ris.bka.gv.at<br><strong>Berufsbezeichnung:<\/strong>&nbsp;Gastwirt<\/p>\n\n\n\n<p><strong>Online Streitbeilegung:<\/strong>&nbsp;Verbraucher, welche in \u00d6sterreich oder in einem sonstigen Vertragsstaat der ODR-VO niedergelassen sind, haben die M\u00f6glichkeit Probleme bez\u00fcglich dem entgeltlichen Kauf von Waren oder Dienstleistungen im Rahmen einer Online-Streitbeilegung (nach OS, AStG) zu l\u00f6sen. Die Europ\u00e4ische Kommission stellt eine Plattform hierf\u00fcr bereit: https:\/\/ec.europa.eu\/consumers\/odr<\/p>\n\n\n\n<p><strong>Urheberrecht:<\/strong>&nbsp;Die Inhalte dieser Webseite unterliegen, soweit dies rechtlich m\u00f6glich ist, diversen Schutzrechten (z.B dem Urheberrecht). Jegliche Verwendung\/Verbreitung von bereitgestelltem Material, welche urheberrechtlich untersagt ist, bedarf schriftlicher Zustimmung des Webseitenbetreibers.<\/p>\n\n\n\n<p><strong>Haftungsausschluss:<\/strong>&nbsp;Trotz sorgf\u00e4ltiger inhaltlicher Kontrolle \u00fcbernimmt der Webseitenbetreiber dieser Webseite keine Haftung f\u00fcr die Inhalte externer Links. F\u00fcr den Inhalt der verlinkten Seiten sind ausschlie\u00dflich deren Betreiber verantwortlich. Sollten Sie dennoch auf ausgehende Links aufmerksam werden, welche auf eine Webseite mit rechtswidriger T\u00e4tigkeit\/Information verweisen, ersuchen wir um dementsprechenden Hinweis, um diese nach \u00a7 17 Abs. 2 ECG umgehend zu entfernen.<br>Die Urheberrechte Dritter werden vom Betreiber dieser Webseite mit gr\u00f6\u00dfter Sorgfalt beachtet. Sollten Sie trotzdem auf eine Urheberrechtsverletzung aufmerksam werden, bitten wir um einen entsprechenden Hinweis. Bei Bekanntwerden derartiger Rechtsverletzungen werden wir den betroffenen Inhalt umgehend entfernen.<\/p>\n\n\n\n<p>Quelle:&nbsp;<strong><a href=\"https:\/\/ghostweb.agency\/impressum-generator-oesterreich\/\">Impressum Generator<\/a>&nbsp;von&nbsp;<a href=\"https:\/\/ghostweb.agency\/\">SEO Agentur Ghostweb.agency<\/a><\/strong><\/p>\n\n\n\n<p><strong>Erkl\u00e4rung zur Informationspflicht<\/strong><\/p>\n\n\n\n<h2 class=\"wp-block-heading\">Datenschutzerkl\u00e4rung<\/h2>\n\n\n\n<p>In folgender Datenschutzerkl\u00e4rung informieren wir Sie \u00fcber die wichtigsten Aspekte der Datenverarbeitung im Rahmen unserer Webseite. Wir erheben und verarbeiten personenbezogene Daten nur auf Grundlage der gesetzlichen Bestimmungen (Datenschutzgrundverordnung, Telekommunikationsgesetz 2003).<\/p>\n\n\n\n<p>Sobald Sie als Benutzer auf unsere Webseite zugreifen oder diese besuchen wird Ihre IP-Adresse, Beginn sowie Beginn und Ende der Sitzung erfasst. Dies ist technisch bedingt und stellt somit ein berechtigtes Interesse iSv Art 6 Abs 1 lit f DSGVO.<\/p>\n\n\n\n<h5 class=\"wp-block-heading\">Kontakt mit uns<\/h5>\n\n\n\n<p>Wenn Sie uns, entweder \u00fcber unser Kontaktformular auf unserer Webseite, oder per Email kontaktieren, dann werden die von Ihnen an uns \u00fcbermittelten Daten zwecks Bearbeitung Ihrer Anfrage oder f\u00fcr den Fall von weiteren Anschlussfragen f\u00fcr sechs Monate bei uns gespeichert. Es erfolgt, ohne Ihre Einwilligung, keine Weitergabe Ihrer \u00fcbermittelten Daten.<\/p>\n\n\n\n<h5 class=\"wp-block-heading\">Ihre Rechte als Betroffener<\/h5>\n\n\n\n<p>Sie als Betroffener haben bez\u00fcglich Ihrer Daten, welche bei uns gespeichert sind grunds\u00e4tzlich ein Recht auf:<\/p>\n\n\n\n<ul class=\"wp-block-list\">\n<li>Auskunft<\/li>\n\n\n\n<li>L\u00f6schung der Daten<\/li>\n\n\n\n<li>Berichtigung der Daten<\/li>\n\n\n\n<li>\u00dcbertragbarkeit der Daten<\/li>\n\n\n\n<li>Wiederruf und Widerspruch zur Datenverarbeitung<\/li>\n\n\n\n<li>Einschr\u00e4nkung<\/li>\n<\/ul>\n\n\n\n<p>Wenn sie vermuten, dass im Zuge der Verarbeitung Ihrer Daten Verst\u00f6\u00dfe gegen das Datenschutzrecht passiert sind, so haben Sie die M\u00f6glichkeit sich bei uns (office@gh-ortner.com) oder der Datenschutzbeh\u00f6rde zu beschweren.<\/p>\n\n\n\n<h5 class=\"wp-block-heading\">Sie erreichen uns unter folgenden Kontaktdaten:<\/h5>\n\n\n\n<p><strong>Webseitenbetreiber:<\/strong>\u00a0Andreas Ortner<br><strong>Telefonnummer:<\/strong>\u00a0+436607669333<br><strong>Email:<\/strong>\u00a0office ( at) gh-ortner.com<\/p>\n\n\n\n<p>Quelle:&nbsp;<strong><a href=\"https:\/\/ghostweb.agency\/datenschutz-generator\/\">Datenschutz DSGVO Generator<\/a>&nbsp;von&nbsp;<a href=\"https:\/\/ghostweb.agency\/\">SEO Agentur Ghostweb.agency<\/a><\/strong><\/p>\n\n\n\n<p><\/p>\n","protected":false},"excerpt":{"rendered":"<p>Kontakt Gasthaus OrtnerAndreas OrtnerBadendorf 18413 Ragnitz 0660 7 66 9 333 Firmen ABC &#8211; WKO.at Impressum Informationen und Offenlegung gem\u00e4\u00df \u00a75 (1) ECG, \u00a7 25 MedienG, \u00a7 63 GewO und \u00a7 14 UGB Webseitenbetreiber:&nbsp;Andreas Ortner Anschrift:&nbsp;Badendorf 1, 8413 Ragnitz UID-Nr:&nbsp;ATU51588508Gewerbeaufsichtbeh\u00f6rde:&nbsp;BH LeibnitzMitgliedschaften:WKO Steiermark Kontaktdaten:Telefon: +43 660 7669333Email: office (at) gh-ortner.com Anwendbare Rechtsvorschrift:&nbsp;www.ris.bka.gv.atBerufsbezeichnung:&nbsp;Gastwirt Online Streitbeilegung:&nbsp;Verbraucher, welche in &hellip; <\/p>\n<p class=\"link-more\"><a href=\"https:\/\/www.gh-ortner.com\/index.php\/kontakt\/\" class=\"more-link\"><span class=\"screen-reader-text\">\u201eKontakt &#8211; Impressum\u201c<\/span> weiterlesen<\/a><\/p>\n","protected":false},"author":1,"featured_media":0,"parent":0,"menu_order":0,"comment_status":"closed","ping_status":"closed","template":"","meta":{"footnotes":""},"class_list":["post-297","page","type-page","status-publish","hentry"],"yoast_head":"<!-- This site is optimized with the Yoast SEO plugin v27.4 - https:\/\/yoast.com\/product\/yoast-seo-wordpress\/ -->\n<title>Kontakt - Impressum - Gasthaus Ortner<\/title>\n<meta name=\"robots\" content=\"index, follow, max-snippet:-1, max-image-preview:large, max-video-preview:-1\" \/>\n<link rel=\"canonical\" href=\"https:\/\/www.gh-ortner.com\/index.php\/kontakt\/\" \/>\n<meta property=\"og:locale\" content=\"de_DE\" \/>\n<meta property=\"og:type\" content=\"article\" \/>\n<meta property=\"og:title\" content=\"Kontakt - Impressum - Gasthaus Ortner\" \/>\n<meta property=\"og:description\" content=\"Kontakt Gasthaus OrtnerAndreas OrtnerBadendorf 18413 Ragnitz 0660 7 66 9 333 Firmen ABC &#8211; WKO.at Impressum Informationen und Offenlegung gem\u00e4\u00df \u00a75 (1) ECG, \u00a7 25 MedienG, \u00a7 63 GewO und \u00a7 14 UGB Webseitenbetreiber:&nbsp;Andreas Ortner Anschrift:&nbsp;Badendorf 1, 8413 Ragnitz UID-Nr:&nbsp;ATU51588508Gewerbeaufsichtbeh\u00f6rde:&nbsp;BH LeibnitzMitgliedschaften:WKO Steiermark Kontaktdaten:Telefon: +43 660 7669333Email: office (at) gh-ortner.com Anwendbare Rechtsvorschrift:&nbsp;www.ris.bka.gv.atBerufsbezeichnung:&nbsp;Gastwirt Online Streitbeilegung:&nbsp;Verbraucher, welche in &hellip; \u201eKontakt &#8211; Impressum\u201c weiterlesen\" \/>\n<meta property=\"og:url\" content=\"https:\/\/www.gh-ortner.com\/index.php\/kontakt\/\" \/>\n<meta property=\"og:site_name\" content=\"Gasthaus Ortner\" \/>\n<meta property=\"article:modified_time\" content=\"2026-01-30T10:53:03+00:00\" \/>\n<meta name=\"twitter:card\" content=\"summary_large_image\" \/>\n<meta name=\"twitter:label1\" content=\"Gesch\u00e4tzte Lesezeit\" \/>\n\t<meta name=\"twitter:data1\" content=\"3 Minuten\" \/>\n<script type=\"application\/ld+json\" class=\"yoast-schema-graph\">{\"@context\":\"https:\\\/\\\/schema.org\",\"@graph\":[{\"@type\":\"WebPage\",\"@id\":\"https:\\\/\\\/www.gh-ortner.com\\\/index.php\\\/kontakt\\\/\",\"url\":\"https:\\\/\\\/www.gh-ortner.com\\\/index.php\\\/kontakt\\\/\",\"name\":\"Kontakt - Impressum - Gasthaus Ortner\",\"isPartOf\":{\"@id\":\"https:\\\/\\\/www.gh-ortner.com\\\/#website\"},\"datePublished\":\"2020-06-22T08:49:59+00:00\",\"dateModified\":\"2026-01-30T10:53:03+00:00\",\"breadcrumb\":{\"@id\":\"https:\\\/\\\/www.gh-ortner.com\\\/index.php\\\/kontakt\\\/#breadcrumb\"},\"inLanguage\":\"de-AT\",\"potentialAction\":[{\"@type\":\"ReadAction\",\"target\":[\"https:\\\/\\\/www.gh-ortner.com\\\/index.php\\\/kontakt\\\/\"]}]},{\"@type\":\"BreadcrumbList\",\"@id\":\"https:\\\/\\\/www.gh-ortner.com\\\/index.php\\\/kontakt\\\/#breadcrumb\",\"itemListElement\":[{\"@type\":\"ListItem\",\"position\":1,\"name\":\"Startseite\",\"item\":\"https:\\\/\\\/www.gh-ortner.com\\\/\"},{\"@type\":\"ListItem\",\"position\":2,\"name\":\"Kontakt &#8211; Impressum\"}]},{\"@type\":\"WebSite\",\"@id\":\"https:\\\/\\\/www.gh-ortner.com\\\/#website\",\"url\":\"https:\\\/\\\/www.gh-ortner.com\\\/\",\"name\":\"Gasthaus Ortner\",\"description\":\"Feste feiern!\",\"potentialAction\":[{\"@type\":\"SearchAction\",\"target\":{\"@type\":\"EntryPoint\",\"urlTemplate\":\"https:\\\/\\\/www.gh-ortner.com\\\/?s={search_term_string}\"},\"query-input\":{\"@type\":\"PropertyValueSpecification\",\"valueRequired\":true,\"valueName\":\"search_term_string\"}}],\"inLanguage\":\"de-AT\"}]}<\/script>\n<!-- \/ Yoast SEO plugin. -->","yoast_head_json":{"title":"Kontakt - Impressum - Gasthaus Ortner","robots":{"index":"index","follow":"follow","max-snippet":"max-snippet:-1","max-image-preview":"max-image-preview:large","max-video-preview":"max-video-preview:-1"},"canonical":"https:\/\/www.gh-ortner.com\/index.php\/kontakt\/","og_locale":"de_DE","og_type":"article","og_title":"Kontakt - Impressum - Gasthaus Ortner","og_description":"Kontakt Gasthaus OrtnerAndreas OrtnerBadendorf 18413 Ragnitz 0660 7 66 9 333 Firmen ABC &#8211; WKO.at Impressum Informationen und Offenlegung gem\u00e4\u00df \u00a75 (1) ECG, \u00a7 25 MedienG, \u00a7 63 GewO und \u00a7 14 UGB Webseitenbetreiber:&nbsp;Andreas Ortner Anschrift:&nbsp;Badendorf 1, 8413 Ragnitz UID-Nr:&nbsp;ATU51588508Gewerbeaufsichtbeh\u00f6rde:&nbsp;BH LeibnitzMitgliedschaften:WKO Steiermark Kontaktdaten:Telefon: +43 660 7669333Email: office (at) gh-ortner.com Anwendbare Rechtsvorschrift:&nbsp;www.ris.bka.gv.atBerufsbezeichnung:&nbsp;Gastwirt Online Streitbeilegung:&nbsp;Verbraucher, welche in &hellip; \u201eKontakt &#8211; Impressum\u201c weiterlesen","og_url":"https:\/\/www.gh-ortner.com\/index.php\/kontakt\/","og_site_name":"Gasthaus Ortner","article_modified_time":"2026-01-30T10:53:03+00:00","twitter_card":"summary_large_image","twitter_misc":{"Gesch\u00e4tzte Lesezeit":"3 Minuten"},"schema":{"@context":"https:\/\/schema.org","@graph":[{"@type":"WebPage","@id":"https:\/\/www.gh-ortner.com\/index.php\/kontakt\/","url":"https:\/\/www.gh-ortner.com\/index.php\/kontakt\/","name":"Kontakt - Impressum - Gasthaus Ortner","isPartOf":{"@id":"https:\/\/www.gh-ortner.com\/#website"},"datePublished":"2020-06-22T08:49:59+00:00","dateModified":"2026-01-30T10:53:03+00:00","breadcrumb":{"@id":"https:\/\/www.gh-ortner.com\/index.php\/kontakt\/#breadcrumb"},"inLanguage":"de-AT","potentialAction":[{"@type":"ReadAction","target":["https:\/\/www.gh-ortner.com\/index.php\/kontakt\/"]}]},{"@type":"BreadcrumbList","@id":"https:\/\/www.gh-ortner.com\/index.php\/kontakt\/#breadcrumb","itemListElement":[{"@type":"ListItem","position":1,"name":"Startseite","item":"https:\/\/www.gh-ortner.com\/"},{"@type":"ListItem","position":2,"name":"Kontakt &#8211; Impressum"}]},{"@type":"WebSite","@id":"https:\/\/www.gh-ortner.com\/#website","url":"https:\/\/www.gh-ortner.com\/","name":"Gasthaus Ortner","description":"Feste feiern!","potentialAction":[{"@type":"SearchAction","target":{"@type":"EntryPoint","urlTemplate":"https:\/\/www.gh-ortner.com\/?s={search_term_string}"},"query-input":{"@type":"PropertyValueSpecification","valueRequired":true,"valueName":"search_term_string"}}],"inLanguage":"de-AT"}]}},"_links":{"self":[{"href":"https:\/\/www.gh-ortner.com\/index.php\/wp-json\/wp\/v2\/pages\/297","targetHints":{"allow":["GET"]}}],"collection":[{"href":"https:\/\/www.gh-ortner.com\/index.php\/wp-json\/wp\/v2\/pages"}],"about":[{"href":"https:\/\/www.gh-ortner.com\/index.php\/wp-json\/wp\/v2\/types\/page"}],"author":[{"embeddable":true,"href":"https:\/\/www.gh-ortner.com\/index.php\/wp-json\/wp\/v2\/users\/1"}],"replies":[{"embeddable":true,"href":"https:\/\/www.gh-ortner.com\/index.php\/wp-json\/wp\/v2\/comments?post=297"}],"version-history":[{"count":3,"href":"https:\/\/www.gh-ortner.com\/index.php\/wp-json\/wp\/v2\/pages\/297\/revisions"}],"predecessor-version":[{"id":340,"href":"https:\/\/www.gh-ortner.com\/index.php\/wp-json\/wp\/v2\/pages\/297\/revisions\/340"}],"wp:attachment":[{"href":"https:\/\/www.gh-ortner.com\/index.php\/wp-json\/wp\/v2\/media?parent=297"}],"curies":[{"name":"wp","href":"https:\/\/api.w.org\/{rel}","templated":true}]}}