{"id":310,"date":"2025-07-06T16:20:23","date_gmt":"2025-07-06T14:20:23","guid":{"rendered":"https:\/\/www.gh-ortner.com\/gasthaus\/?page_id=310"},"modified":"2025-07-06T16:20:23","modified_gmt":"2025-07-06T14:20:23","slug":"verleih-von-equipment-aller-art","status":"publish","type":"page","link":"https:\/\/www.gh-ortner.com\/index.php\/verleih-von-equipment-aller-art\/","title":{"rendered":"Verleih von Equipment aller Art."},"content":{"rendered":"\n<p>Im<\/p>\n\n\n\n<p><\/p>\n\n\n\n<p>Im Aufbau<\/p>\n\n\n\n<figure class=\"wp-block-table\"><table class=\"has-fixed-layout\"><tbody><tr><td>Geschirr<\/td><td>Hauptsspeise Catering<\/td><\/tr><tr><td><\/td><td>Hauptspeise Premium<\/td><\/tr><tr><td><\/td><td>Suppenteller Catering<\/td><\/tr><tr><td><\/td><td>Pasta\/Suppenteller Premium<\/td><\/tr><tr><td><\/td><td>Salatteller Catering<\/td><\/tr><tr><td><\/td><td>Salatteller Premium<\/td><\/tr><tr><td><\/td><td>Salatschale wei\u00df<\/td><\/tr><tr><td><\/td><td>Salatschale schwarz<\/td><\/tr><tr><td><\/td><td><\/td><\/tr><tr><td><\/td><td>Besteck ECO 10 St\u00fcck<\/td><\/tr><tr><td><\/td><td>Besteck Premium 10 St\u00fcck<\/td><\/tr><tr><td><\/td><td><\/td><\/tr><tr><td><\/td><td>Weingl\u00e4ser Premium<\/td><\/tr><tr><td><\/td><td>Wassergl\u00e4ser<\/td><\/tr><tr><td><\/td><td><\/td><\/tr><tr><td><\/td><td><\/td><\/tr><tr><td>Tischw\u00e4sche<\/td><td>Tischtuch 1,3 x 2 m<\/td><\/tr><tr><td><\/td><td>Tischtuch f\u00fcr Biertisch<\/td><\/tr><tr><td><\/td><td>Tischtuch 1&#215;1 m<\/td><\/tr><tr><td><\/td><td>Mundservietten<\/td><\/tr><\/tbody><\/table><\/figure>\n","protected":false},"excerpt":{"rendered":"<p>Im Im Aufbau Geschirr Hauptsspeise Catering Hauptspeise Premium Suppenteller Catering Pasta\/Suppenteller Premium Salatteller Catering Salatteller Premium Salatschale wei\u00df Salatschale schwarz Besteck ECO 10 St\u00fcck Besteck Premium 10 St\u00fcck Weingl\u00e4ser Premium Wassergl\u00e4ser Tischw\u00e4sche Tischtuch 1,3 x 2 m Tischtuch f\u00fcr Biertisch Tischtuch 1&#215;1 m Mundservietten<\/p>\n","protected":false},"author":1,"featured_media":0,"parent":0,"menu_order":0,"comment_status":"closed","ping_status":"closed","template":"","meta":{"footnotes":""},"class_list":["post-310","page","type-page","status-publish","hentry"],"yoast_head":"<!-- This site is optimized with the Yoast SEO plugin v27.4 - https:\/\/yoast.com\/product\/yoast-seo-wordpress\/ -->\n<title>Verleih von Equipment aller Art. - Gasthaus Ortner<\/title>\n<meta name=\"robots\" content=\"index, follow, max-snippet:-1, max-image-preview:large, max-video-preview:-1\" \/>\n<link rel=\"canonical\" href=\"https:\/\/www.gh-ortner.com\/index.php\/verleih-von-equipment-aller-art\/\" \/>\n<meta property=\"og:locale\" content=\"de_DE\" \/>\n<meta property=\"og:type\" content=\"article\" \/>\n<meta property=\"og:title\" content=\"Verleih von Equipment aller Art. - Gasthaus Ortner\" \/>\n<meta property=\"og:description\" content=\"Im Im Aufbau Geschirr Hauptsspeise Catering Hauptspeise Premium Suppenteller Catering Pasta\/Suppenteller Premium Salatteller Catering Salatteller Premium Salatschale wei\u00df Salatschale schwarz Besteck ECO 10 St\u00fcck Besteck Premium 10 St\u00fcck Weingl\u00e4ser Premium Wassergl\u00e4ser Tischw\u00e4sche Tischtuch 1,3 x 2 m Tischtuch f\u00fcr Biertisch Tischtuch 1&#215;1 m Mundservietten\" \/>\n<meta property=\"og:url\" content=\"https:\/\/www.gh-ortner.com\/index.php\/verleih-von-equipment-aller-art\/\" \/>\n<meta property=\"og:site_name\" content=\"Gasthaus Ortner\" \/>\n<meta name=\"twitter:card\" content=\"summary_large_image\" \/>\n<script type=\"application\/ld+json\" class=\"yoast-schema-graph\">{\"@context\":\"https:\\\/\\\/schema.org\",\"@graph\":[{\"@type\":\"WebPage\",\"@id\":\"https:\\\/\\\/www.gh-ortner.com\\\/index.php\\\/verleih-von-equipment-aller-art\\\/\",\"url\":\"https:\\\/\\\/www.gh-ortner.com\\\/index.php\\\/verleih-von-equipment-aller-art\\\/\",\"name\":\"Verleih von Equipment aller Art. - Gasthaus Ortner\",\"isPartOf\":{\"@id\":\"https:\\\/\\\/www.gh-ortner.com\\\/#website\"},\"datePublished\":\"2025-07-06T14:20:23+00:00\",\"breadcrumb\":{\"@id\":\"https:\\\/\\\/www.gh-ortner.com\\\/index.php\\\/verleih-von-equipment-aller-art\\\/#breadcrumb\"},\"inLanguage\":\"de-AT\",\"potentialAction\":[{\"@type\":\"ReadAction\",\"target\":[\"https:\\\/\\\/www.gh-ortner.com\\\/index.php\\\/verleih-von-equipment-aller-art\\\/\"]}]},{\"@type\":\"BreadcrumbList\",\"@id\":\"https:\\\/\\\/www.gh-ortner.com\\\/index.php\\\/verleih-von-equipment-aller-art\\\/#breadcrumb\",\"itemListElement\":[{\"@type\":\"ListItem\",\"position\":1,\"name\":\"Startseite\",\"item\":\"https:\\\/\\\/www.gh-ortner.com\\\/\"},{\"@type\":\"ListItem\",\"position\":2,\"name\":\"Verleih von Equipment aller Art.\"}]},{\"@type\":\"WebSite\",\"@id\":\"https:\\\/\\\/www.gh-ortner.com\\\/#website\",\"url\":\"https:\\\/\\\/www.gh-ortner.com\\\/\",\"name\":\"Gasthaus Ortner\",\"description\":\"Feste feiern!\",\"potentialAction\":[{\"@type\":\"SearchAction\",\"target\":{\"@type\":\"EntryPoint\",\"urlTemplate\":\"https:\\\/\\\/www.gh-ortner.com\\\/?s={search_term_string}\"},\"query-input\":{\"@type\":\"PropertyValueSpecification\",\"valueRequired\":true,\"valueName\":\"search_term_string\"}}],\"inLanguage\":\"de-AT\"}]}<\/script>\n<!-- \/ Yoast SEO plugin. -->","yoast_head_json":{"title":"Verleih von Equipment aller Art. - Gasthaus Ortner","robots":{"index":"index","follow":"follow","max-snippet":"max-snippet:-1","max-image-preview":"max-image-preview:large","max-video-preview":"max-video-preview:-1"},"canonical":"https:\/\/www.gh-ortner.com\/index.php\/verleih-von-equipment-aller-art\/","og_locale":"de_DE","og_type":"article","og_title":"Verleih von Equipment aller Art. - Gasthaus Ortner","og_description":"Im Im Aufbau Geschirr Hauptsspeise Catering Hauptspeise Premium Suppenteller Catering Pasta\/Suppenteller Premium Salatteller Catering Salatteller Premium Salatschale wei\u00df Salatschale schwarz Besteck ECO 10 St\u00fcck Besteck Premium 10 St\u00fcck Weingl\u00e4ser Premium Wassergl\u00e4ser Tischw\u00e4sche Tischtuch 1,3 x 2 m Tischtuch f\u00fcr Biertisch Tischtuch 1&#215;1 m Mundservietten","og_url":"https:\/\/www.gh-ortner.com\/index.php\/verleih-von-equipment-aller-art\/","og_site_name":"Gasthaus Ortner","twitter_card":"summary_large_image","schema":{"@context":"https:\/\/schema.org","@graph":[{"@type":"WebPage","@id":"https:\/\/www.gh-ortner.com\/index.php\/verleih-von-equipment-aller-art\/","url":"https:\/\/www.gh-ortner.com\/index.php\/verleih-von-equipment-aller-art\/","name":"Verleih von Equipment aller Art. - Gasthaus Ortner","isPartOf":{"@id":"https:\/\/www.gh-ortner.com\/#website"},"datePublished":"2025-07-06T14:20:23+00:00","breadcrumb":{"@id":"https:\/\/www.gh-ortner.com\/index.php\/verleih-von-equipment-aller-art\/#breadcrumb"},"inLanguage":"de-AT","potentialAction":[{"@type":"ReadAction","target":["https:\/\/www.gh-ortner.com\/index.php\/verleih-von-equipment-aller-art\/"]}]},{"@type":"BreadcrumbList","@id":"https:\/\/www.gh-ortner.com\/index.php\/verleih-von-equipment-aller-art\/#breadcrumb","itemListElement":[{"@type":"ListItem","position":1,"name":"Startseite","item":"https:\/\/www.gh-ortner.com\/"},{"@type":"ListItem","position":2,"name":"Verleih von Equipment aller Art."}]},{"@type":"WebSite","@id":"https:\/\/www.gh-ortner.com\/#website","url":"https:\/\/www.gh-ortner.com\/","name":"Gasthaus Ortner","description":"Feste feiern!","potentialAction":[{"@type":"SearchAction","target":{"@type":"EntryPoint","urlTemplate":"https:\/\/www.gh-ortner.com\/?s={search_term_string}"},"query-input":{"@type":"PropertyValueSpecification","valueRequired":true,"valueName":"search_term_string"}}],"inLanguage":"de-AT"}]}},"_links":{"self":[{"href":"https:\/\/www.gh-ortner.com\/index.php\/wp-json\/wp\/v2\/pages\/310","targetHints":{"allow":["GET"]}}],"collection":[{"href":"https:\/\/www.gh-ortner.com\/index.php\/wp-json\/wp\/v2\/pages"}],"about":[{"href":"https:\/\/www.gh-ortner.com\/index.php\/wp-json\/wp\/v2\/types\/page"}],"author":[{"embeddable":true,"href":"https:\/\/www.gh-ortner.com\/index.php\/wp-json\/wp\/v2\/users\/1"}],"replies":[{"embeddable":true,"href":"https:\/\/www.gh-ortner.com\/index.php\/wp-json\/wp\/v2\/comments?post=310"}],"version-history":[{"count":0,"href":"https:\/\/www.gh-ortner.com\/index.php\/wp-json\/wp\/v2\/pages\/310\/revisions"}],"wp:attachment":[{"href":"https:\/\/www.gh-ortner.com\/index.php\/wp-json\/wp\/v2\/media?parent=310"}],"curies":[{"name":"wp","href":"https:\/\/api.w.org\/{rel}","templated":true}]}}